{"id":4,"date":"2019-12-05T20:44:29","date_gmt":"2019-12-05T20:44:29","guid":{"rendered":"http:\/\/wollbecks.de\/?page_id=4"},"modified":"2020-03-13T11:17:21","modified_gmt":"2020-03-13T11:17:21","slug":"home","status":"publish","type":"page","link":"https:\/\/wollbecks.de\/","title":{"rendered":"home"},"content":{"rendered":"\t\t<div data-elementor-type=\"wp-page\" data-elementor-id=\"4\" class=\"elementor elementor-4\">\n\t\t\t\t\t\t\t\t\t<section class=\"elementor-section elementor-top-section elementor-element elementor-element-c42bd85 elementor-section-full_width elementor-section-height-min-height elementor-section-items-top elementor-section-height-default\" data-id=\"c42bd85\" data-element_type=\"section\">\n\t\t\t\t\t\t\t<div class=\"elementor-background-overlay\"><\/div>\n\t\t\t\t\t\t\t<div class=\"elementor-container elementor-column-gap-default\">\n\t\t\t\t\t<div class=\"elementor-column elementor-col-33 elementor-top-column elementor-element elementor-element-784f269\" data-id=\"784f269\" data-element_type=\"column\">\n\t\t\t<div class=\"elementor-widget-wrap\">\n\t\t\t\t\t\t\t\t\t<\/div>\n\t\t<\/div>\n\t\t\t\t<div class=\"elementor-column elementor-col-33 elementor-top-column elementor-element elementor-element-2bcbe0a\" data-id=\"2bcbe0a\" data-element_type=\"column\">\n\t\t\t<div class=\"elementor-widget-wrap elementor-element-populated\">\n\t\t\t\t\t\t\t\t<div class=\"elementor-element elementor-element-dd57e98 elementor-widget elementor-widget-text-editor\" data-id=\"dd57e98\" data-element_type=\"widget\" data-widget_type=\"text-editor.default\">\n\t\t\t\t<div class=\"elementor-widget-container\">\n\t\t\t\t\t\t\t<p>Seit Februar 2002 braue ich Bier. Mein ehemaliger Kollege Rainer hatte die Idee. Wir haben ein d\u00fcnnes Buch gekauft und angefangen.<\/p><p><span style=\"font-size: 14px;\">Jahre sp\u00e4ter schwappte die Craft Beer-Euphorie \u00fcber den Ozean und damit die Begeisterung f\u00fcr besondere Biere &#8211; endlich sind Alternativen zu den vereinheitlichten, flachen TV-Bieren verf\u00fcgbar, selbst im Supermarkt um die Ecke.<br \/><\/span><span style=\"font-size: 14px;\">Ich k\u00f6nnte also aufh\u00f6ren zu brauen.<\/span><\/p><p><span style=\"font-size: 14px;\">Aber es l\u00e4sst mich nicht los:\u00a0<br \/><\/span><span style=\"font-size: 14px;\">mich fasziniert das st\u00e4ndige Verbessern der Technologie und\u00a0 die Tradition des Handwerks gleicherma\u00dfen.\u00a0<\/span><\/p><p><span style=\"font-size: 14px;\">Aus wenigen, einfachen Zutaten entwickelt sich so das Bier besonderer Anl\u00e4sse.<\/span><\/p><p><span style=\"font-size: 14px;\">Ich habe mein Wissen aus B\u00fcchern, aber vor allem aus dem Netz. Mit diesen Seiten m\u00f6chte ich mich auch bei der gesamten Brauer-Netz-Community bedanken.<\/span><\/p>\t\t\t\t\t\t<\/div>\n\t\t\t\t<\/div>\n\t\t\t\t\t<\/div>\n\t\t<\/div>\n\t\t\t\t<div class=\"elementor-column elementor-col-33 elementor-top-column elementor-element elementor-element-c3ed932\" data-id=\"c3ed932\" data-element_type=\"column\">\n\t\t\t<div class=\"elementor-widget-wrap elementor-element-populated\">\n\t\t\t\t\t\t\t\t<div class=\"elementor-element elementor-element-11976a5 elementor-widget elementor-widget-text-editor\" data-id=\"11976a5\" data-element_type=\"widget\" data-widget_type=\"text-editor.default\">\n\t\t\t\t<div class=\"elementor-widget-container\">\n\t\t\t\t\t\t\t<p>I have been brewing beer since February 2002. My former colleague Rainer had the idea. We bought a thin book and started.<\/p><p><span style=\"font-size: 14px;\">Years later the craft beer euphoria spilled over the ocean and with it the enthusiasm for special beers &#8211; finally alternatives to the standardized, flat TV beers are available, even in the supermarket around the corner.\u00a0<br \/><\/span><span style=\"font-size: 14px;\">So I could stop brewing.<\/span><\/p><p><span style=\"font-size: 14px;\">But it won&#8217;t let me go:<br \/><\/span><span style=\"font-size: 14px;\">I am fascinated by the constant improvement of technology and the tradition of the craft in equal measure.\u00a0<\/span><\/p><p><span style=\"font-size: 14px;\">From a few simple ingredients, the beer for special occasions is developed.<\/span><\/p><p><span style=\"font-size: 14px;\">I have my knowledge from books, but mainly from the net. With these pages I would also like to thank the entire brewery net community.<\/span><\/p>\t\t\t\t\t\t<\/div>\n\t\t\t\t<\/div>\n\t\t\t\t\t<\/div>\n\t\t<\/div>\n\t\t\t\t\t\t\t<\/div>\n\t\t<\/section>\n\t\t\t\t\t\t\t<\/div>\n\t\t","protected":false},"excerpt":{"rendered":"<p>Seit Februar 2002 braue ich Bier. Mein ehemaliger Kollege Rainer hatte die Idee. Wir haben ein d\u00fcnnes Buch gekauft und angefangen. Jahre sp\u00e4ter schwappte die Craft Beer-Euphorie \u00fcber den Ozean und damit die Begeisterung f\u00fcr besondere Biere &#8211; endlich sind Alternativen zu den vereinheitlichten, flachen TV-Bieren verf\u00fcgbar, selbst im Supermarkt um die Ecke.Ich k\u00f6nnte also [&hellip;]<\/p>\n","protected":false},"author":1,"featured_media":0,"parent":0,"menu_order":0,"comment_status":"closed","ping_status":"closed","template":"","meta":{"inline_featured_image":false,"ocean_post_layout":"full-screen","ocean_both_sidebars_style":"","ocean_both_sidebars_content_width":0,"ocean_both_sidebars_sidebars_width":0,"ocean_sidebar":"0","ocean_second_sidebar":"0","ocean_disable_margins":"enable","ocean_add_body_class":"","ocean_shortcode_before_top_bar":"","ocean_shortcode_after_top_bar":"","ocean_shortcode_before_header":"","ocean_shortcode_after_header":"","ocean_has_shortcode":"","ocean_shortcode_after_title":"","ocean_shortcode_before_footer_widgets":"","ocean_shortcode_after_footer_widgets":"","ocean_shortcode_before_footer_bottom":"","ocean_shortcode_after_footer_bottom":"","ocean_display_top_bar":"on","ocean_display_header":"on","ocean_header_style":"","ocean_center_header_left_menu":"0","ocean_custom_header_template":"0","ocean_custom_logo":0,"ocean_custom_retina_logo":0,"ocean_custom_logo_max_width":0,"ocean_custom_logo_tablet_max_width":0,"ocean_custom_logo_mobile_max_width":0,"ocean_custom_logo_max_height":0,"ocean_custom_logo_tablet_max_height":0,"ocean_custom_logo_mobile_max_height":0,"ocean_header_custom_menu":"0","ocean_menu_typo_font_family":"0","ocean_menu_typo_font_subset":"","ocean_menu_typo_font_size":0,"ocean_menu_typo_font_size_tablet":0,"ocean_menu_typo_font_size_mobile":0,"ocean_menu_typo_font_size_unit":"px","ocean_menu_typo_font_weight":"","ocean_menu_typo_font_weight_tablet":"","ocean_menu_typo_font_weight_mobile":"","ocean_menu_typo_transform":"","ocean_menu_typo_transform_tablet":"","ocean_menu_typo_transform_mobile":"","ocean_menu_typo_line_height":0,"ocean_menu_typo_line_height_tablet":0,"ocean_menu_typo_line_height_mobile":0,"ocean_menu_typo_line_height_unit":"","ocean_menu_typo_spacing":0,"ocean_menu_typo_spacing_tablet":0,"ocean_menu_typo_spacing_mobile":0,"ocean_menu_typo_spacing_unit":"","ocean_menu_link_color":"","ocean_menu_link_color_hover":"","ocean_menu_link_color_active":"","ocean_menu_link_background":"","ocean_menu_link_hover_background":"","ocean_menu_link_active_background":"","ocean_menu_social_links_bg":"","ocean_menu_social_hover_links_bg":"","ocean_menu_social_links_color":"","ocean_menu_social_hover_links_color":"","ocean_disable_title":"on","ocean_disable_heading":"default","ocean_post_title":"","ocean_post_subheading":"","ocean_post_title_style":"","ocean_post_title_background_color":"","ocean_post_title_background":0,"ocean_post_title_bg_image_position":"","ocean_post_title_bg_image_attachment":"","ocean_post_title_bg_image_repeat":"","ocean_post_title_bg_image_size":"","ocean_post_title_height":0,"ocean_post_title_bg_overlay":0.5,"ocean_post_title_bg_overlay_color":"","ocean_disable_breadcrumbs":"default","ocean_breadcrumbs_color":"","ocean_breadcrumbs_separator_color":"","ocean_breadcrumbs_links_color":"","ocean_breadcrumbs_links_hover_color":"","ocean_display_footer_widgets":"on","ocean_display_footer_bottom":"on","ocean_custom_footer_template":"0","footnotes":""},"class_list":["post-4","page","type-page","status-publish","hentry","entry"],"_links":{"self":[{"href":"https:\/\/wollbecks.de\/index.php?rest_route=\/wp\/v2\/pages\/4","targetHints":{"allow":["GET"]}}],"collection":[{"href":"https:\/\/wollbecks.de\/index.php?rest_route=\/wp\/v2\/pages"}],"about":[{"href":"https:\/\/wollbecks.de\/index.php?rest_route=\/wp\/v2\/types\/page"}],"author":[{"embeddable":true,"href":"https:\/\/wollbecks.de\/index.php?rest_route=\/wp\/v2\/users\/1"}],"replies":[{"embeddable":true,"href":"https:\/\/wollbecks.de\/index.php?rest_route=%2Fwp%2Fv2%2Fcomments&post=4"}],"version-history":[{"count":31,"href":"https:\/\/wollbecks.de\/index.php?rest_route=\/wp\/v2\/pages\/4\/revisions"}],"predecessor-version":[{"id":432,"href":"https:\/\/wollbecks.de\/index.php?rest_route=\/wp\/v2\/pages\/4\/revisions\/432"}],"wp:attachment":[{"href":"https:\/\/wollbecks.de\/index.php?rest_route=%2Fwp%2Fv2%2Fmedia&parent=4"}],"curies":[{"name":"wp","href":"https:\/\/api.w.org\/{rel}","templated":true}]}}